{"id":98,"date":"2018-03-02T12:42:01","date_gmt":"2018-03-02T17:42:01","guid":{"rendered":"https:\/\/www.trc-ag.com\/products\/animal-nutrients\/"},"modified":"2019-02-22T12:25:58","modified_gmt":"2019-02-22T17:25:58","slug":"animal-nutrients","status":"publish","type":"page","link":"https:\/\/www.trc-ag.com\/fr\/products\/animal-nutrients\/","title":{"rendered":"Nutriments pour Animaux"},"content":{"rendered":"<div class=\"wpb-content-wrapper\"><p>[vc_row][vc_column][vc_column_text]<\/p>\n<h2><strong>Nutriments pour Animaux<\/strong><\/h2>\n<p>TRC Nutrition animale est votre fournisseur de choix pour obtenir les produits nutritifs dont vous avez besoin pour les animaux et les v\u00e9g\u00e9taux\u00a0: nous offrons une gamme compl\u00e8te d\u2019ingr\u00e9dients de qualit\u00e9 ainsi que le niveau de service le plus \u00e9lev\u00e9, appuy\u00e9 par les meilleurs repr\u00e9sentants des ventes. Nous mettons tout en \u0153uvre pour \u00eatre le partenaire le plus fiable et le mieux inform\u00e9 de nos clients et de nos fournisseurs de fa\u00e7on \u00e0 pouvoir les aider \u00e0 couronner leur entreprise de succ\u00e8s.<\/p>\n<h3><strong>Nos Produits:<\/strong><\/h3>\n<p>Ingr\u00e9dients alimentaires<br \/>\nAdditifs alimentaires<br \/>\nMacromin\u00e9raux<br \/>\nOligo\u2011\u00e9l\u00e9ments<br \/>\nAgents de pr\u00e9servation du fourrage<br \/>\nNutriments pour v\u00e9g\u00e9taux<\/p>\n<p>\n<table id=\"tablepress-3\" class=\"tablepress tablepress-id-3\">\n<thead>\n<tr class=\"row-1\">\n\t<th class=\"column-1\">Produit<\/th>\n<\/tr>\n<\/thead>\n<tbody class=\"row-striping row-hover\">\n<tr class=\"row-2\">\n\t<td class=\"column-1\">Acide ac\u00e9tique 92 %<\/td>\n<\/tr>\n<tr class=\"row-3\">\n\t<td class=\"column-1\">Acide ac\u00e9tique, Glacial<\/td>\n<\/tr>\n<tr class=\"row-4\">\n\t<td class=\"column-1\">Bicarbonate de soude (Bicarbonate de sodium)<\/td>\n<\/tr>\n<tr class=\"row-5\">\n\t<td class=\"column-1\">Chlorure de choline 60 % \u00e9pis de ma\u00efs<\/td>\n<\/tr>\n<tr class=\"row-6\">\n\t<td class=\"column-1\">Chlorure de choline 70 % liquide<\/td>\n<\/tr>\n<tr class=\"row-7\">\n\t<td class=\"column-1\">Acide citrique <\/td>\n<\/tr>\n<tr class=\"row-8\">\n\t<td class=\"column-1\">Sulfate de cuivre<\/td>\n<\/tr>\n<tr class=\"row-9\">\n\t<td class=\"column-1\">DL-M\u00e9thionine<\/td>\n<\/tr>\n<tr class=\"row-10\">\n\t<td class=\"column-1\">L-Glutamine<\/td>\n<\/tr>\n<tr class=\"row-11\">\n\t<td class=\"column-1\">L-Isoleucine<\/td>\n<\/tr>\n<tr class=\"row-12\">\n\t<td class=\"column-1\">Produit<\/td>\n<\/tr>\n<tr class=\"row-13\">\n\t<td class=\"column-1\">Sulfate de lysine <\/td>\n<\/tr>\n<tr class=\"row-14\">\n\t<td class=\"column-1\">Hydrochlorure de lysine <\/td>\n<\/tr>\n<tr class=\"row-15\">\n\t<td class=\"column-1\">L-Thr\u00e9onine<\/td>\n<\/tr>\n<tr class=\"row-16\">\n\t<td class=\"column-1\">L-Tryptophane<\/td>\n<\/tr>\n<tr class=\"row-17\">\n\t<td class=\"column-1\">Oxyde magn\u00e9sium <\/td>\n<\/tr>\n<tr class=\"row-18\">\n\t<td class=\"column-1\">Sulfate de mangan\u00e8se <\/td>\n<\/tr>\n<tr class=\"row-19\">\n\t<td class=\"column-1\">Phosphate monocalcique (Phosphore)<\/td>\n<\/tr>\n<tr class=\"row-20\">\n\t<td class=\"column-1\">Ur\u00e9e<\/td>\n<\/tr>\n<tr class=\"row-21\">\n\t<td class=\"column-1\">Acide folique <\/td>\n<\/tr>\n<tr class=\"row-22\">\n\t<td class=\"column-1\">Niacine<\/td>\n<\/tr>\n<tr class=\"row-23\">\n\t<td class=\"column-1\">Produit<\/td>\n<\/tr>\n<tr class=\"row-24\">\n\t<td class=\"column-1\">Biotine Pure<\/td>\n<\/tr>\n<tr class=\"row-25\">\n\t<td class=\"column-1\">Vitamine A 1000<\/td>\n<\/tr>\n<tr class=\"row-26\">\n\t<td class=\"column-1\">Vitamine A 500<\/td>\n<\/tr>\n<tr class=\"row-27\">\n\t<td class=\"column-1\">Vitamine B2<\/td>\n<\/tr>\n<tr class=\"row-28\">\n\t<td class=\"column-1\">Vitamine B1 Mono<\/td>\n<\/tr>\n<tr class=\"row-29\">\n\t<td class=\"column-1\">Vitamine B5<\/td>\n<\/tr>\n<tr class=\"row-30\">\n\t<td class=\"column-1\">Vitamine B12 Pure<\/td>\n<\/tr>\n<tr class=\"row-31\">\n\t<td class=\"column-1\">Vitamine C<\/td>\n<\/tr>\n<tr class=\"row-32\">\n\t<td class=\"column-1\">Vitamine C enrob\u00e9e<\/td>\n<\/tr>\n<tr class=\"row-33\">\n\t<td class=\"column-1\">Vitamine D3<\/td>\n<\/tr>\n<\/tbody>\n<\/table>\n[\/vc_column_text][\/vc_column][\/vc_row]<\/p>\n<\/div>","protected":false},"excerpt":{"rendered":"<p>[vc_row][vc_column][vc_column_text] Nutriments pour Animaux TRC Nutrition animale est votre fournisseur de choix pour obtenir les produits nutritifs dont vous avez besoin pour les animaux et&#8230;<\/p>\n","protected":false},"author":1,"featured_media":0,"parent":94,"menu_order":0,"comment_status":"closed","ping_status":"closed","template":"","meta":{"_acf_changed":false,"footnotes":""},"class_list":["post-98","page","type-page","status-publish","hentry"],"acf":[],"yoast_head":"<!-- This site is optimized with the Yoast SEO plugin v27.3 - https:\/\/yoast.com\/product\/yoast-seo-wordpress\/ -->\n<title>Nutriments pour Animaux - TRC Agriculture<\/title>\n<meta name=\"robots\" content=\"index, follow, max-snippet:-1, max-image-preview:large, max-video-preview:-1\" \/>\n<link rel=\"canonical\" href=\"https:\/\/www.trc-ag.com\/fr\/products\/animal-nutrients\/\" \/>\n<meta property=\"og:locale\" content=\"fr_FR\" \/>\n<meta property=\"og:type\" content=\"article\" \/>\n<meta property=\"og:title\" content=\"Nutriments pour Animaux - TRC Agriculture\" \/>\n<meta property=\"og:description\" content=\"[vc_row][vc_column][vc_column_text] Nutriments pour Animaux TRC Nutrition animale est votre fournisseur de choix pour obtenir les produits nutritifs dont vous avez besoin pour les animaux et...\" \/>\n<meta property=\"og:url\" content=\"https:\/\/www.trc-ag.com\/fr\/products\/animal-nutrients\/\" \/>\n<meta property=\"og:site_name\" content=\"TRC Agriculture\" \/>\n<meta property=\"article:modified_time\" content=\"2019-02-22T17:25:58+00:00\" \/>\n<meta name=\"twitter:card\" content=\"summary_large_image\" \/>\n<meta name=\"twitter:label1\" content=\"Dur\u00e9e de lecture estim\u00e9e\" \/>\n\t<meta name=\"twitter:data1\" content=\"1 minute\" \/>\n<script type=\"application\/ld+json\" class=\"yoast-schema-graph\">{\"@context\":\"https:\\\/\\\/schema.org\",\"@graph\":[{\"@type\":\"WebPage\",\"@id\":\"https:\\\/\\\/www.trc-ag.com\\\/fr\\\/products\\\/animal-nutrients\\\/\",\"url\":\"https:\\\/\\\/www.trc-ag.com\\\/fr\\\/products\\\/animal-nutrients\\\/\",\"name\":\"Nutriments pour Animaux - TRC Agriculture\",\"isPartOf\":{\"@id\":\"https:\\\/\\\/www.trc-ag.com\\\/#website\"},\"datePublished\":\"2018-03-02T17:42:01+00:00\",\"dateModified\":\"2019-02-22T17:25:58+00:00\",\"breadcrumb\":{\"@id\":\"https:\\\/\\\/www.trc-ag.com\\\/fr\\\/products\\\/animal-nutrients\\\/#breadcrumb\"},\"inLanguage\":\"fr-FR\",\"potentialAction\":[{\"@type\":\"ReadAction\",\"target\":[\"https:\\\/\\\/www.trc-ag.com\\\/fr\\\/products\\\/animal-nutrients\\\/\"]}]},{\"@type\":\"BreadcrumbList\",\"@id\":\"https:\\\/\\\/www.trc-ag.com\\\/fr\\\/products\\\/animal-nutrients\\\/#breadcrumb\",\"itemListElement\":[{\"@type\":\"ListItem\",\"position\":1,\"name\":\"Home\",\"item\":\"https:\\\/\\\/www.trc-ag.com\\\/fr\\\/\"},{\"@type\":\"ListItem\",\"position\":2,\"name\":\"Produits\",\"item\":\"https:\\\/\\\/www.trc-ag.com\\\/fr\\\/products\\\/\"},{\"@type\":\"ListItem\",\"position\":3,\"name\":\"Nutriments pour Animaux\"}]},{\"@type\":\"WebSite\",\"@id\":\"https:\\\/\\\/www.trc-ag.com\\\/#website\",\"url\":\"https:\\\/\\\/www.trc-ag.com\\\/\",\"name\":\"TRC Agriculture\",\"description\":\"TRC Agricultural Products\",\"potentialAction\":[{\"@type\":\"SearchAction\",\"target\":{\"@type\":\"EntryPoint\",\"urlTemplate\":\"https:\\\/\\\/www.trc-ag.com\\\/?s={search_term_string}\"},\"query-input\":{\"@type\":\"PropertyValueSpecification\",\"valueRequired\":true,\"valueName\":\"search_term_string\"}}],\"inLanguage\":\"fr-FR\"}]}<\/script>\n<!-- \/ Yoast SEO plugin. -->","yoast_head_json":{"title":"Nutriments pour Animaux - TRC Agriculture","robots":{"index":"index","follow":"follow","max-snippet":"max-snippet:-1","max-image-preview":"max-image-preview:large","max-video-preview":"max-video-preview:-1"},"canonical":"https:\/\/www.trc-ag.com\/fr\/products\/animal-nutrients\/","og_locale":"fr_FR","og_type":"article","og_title":"Nutriments pour Animaux - TRC Agriculture","og_description":"[vc_row][vc_column][vc_column_text] Nutriments pour Animaux TRC Nutrition animale est votre fournisseur de choix pour obtenir les produits nutritifs dont vous avez besoin pour les animaux et...","og_url":"https:\/\/www.trc-ag.com\/fr\/products\/animal-nutrients\/","og_site_name":"TRC Agriculture","article_modified_time":"2019-02-22T17:25:58+00:00","twitter_card":"summary_large_image","twitter_misc":{"Dur\u00e9e de lecture estim\u00e9e":"1 minute"},"schema":{"@context":"https:\/\/schema.org","@graph":[{"@type":"WebPage","@id":"https:\/\/www.trc-ag.com\/fr\/products\/animal-nutrients\/","url":"https:\/\/www.trc-ag.com\/fr\/products\/animal-nutrients\/","name":"Nutriments pour Animaux - TRC Agriculture","isPartOf":{"@id":"https:\/\/www.trc-ag.com\/#website"},"datePublished":"2018-03-02T17:42:01+00:00","dateModified":"2019-02-22T17:25:58+00:00","breadcrumb":{"@id":"https:\/\/www.trc-ag.com\/fr\/products\/animal-nutrients\/#breadcrumb"},"inLanguage":"fr-FR","potentialAction":[{"@type":"ReadAction","target":["https:\/\/www.trc-ag.com\/fr\/products\/animal-nutrients\/"]}]},{"@type":"BreadcrumbList","@id":"https:\/\/www.trc-ag.com\/fr\/products\/animal-nutrients\/#breadcrumb","itemListElement":[{"@type":"ListItem","position":1,"name":"Home","item":"https:\/\/www.trc-ag.com\/fr\/"},{"@type":"ListItem","position":2,"name":"Produits","item":"https:\/\/www.trc-ag.com\/fr\/products\/"},{"@type":"ListItem","position":3,"name":"Nutriments pour Animaux"}]},{"@type":"WebSite","@id":"https:\/\/www.trc-ag.com\/#website","url":"https:\/\/www.trc-ag.com\/","name":"TRC Agriculture","description":"TRC Agricultural Products","potentialAction":[{"@type":"SearchAction","target":{"@type":"EntryPoint","urlTemplate":"https:\/\/www.trc-ag.com\/?s={search_term_string}"},"query-input":{"@type":"PropertyValueSpecification","valueRequired":true,"valueName":"search_term_string"}}],"inLanguage":"fr-FR"}]}},"_links":{"self":[{"href":"https:\/\/www.trc-ag.com\/fr\/wp-json\/wp\/v2\/pages\/98","targetHints":{"allow":["GET"]}}],"collection":[{"href":"https:\/\/www.trc-ag.com\/fr\/wp-json\/wp\/v2\/pages"}],"about":[{"href":"https:\/\/www.trc-ag.com\/fr\/wp-json\/wp\/v2\/types\/page"}],"author":[{"embeddable":true,"href":"https:\/\/www.trc-ag.com\/fr\/wp-json\/wp\/v2\/users\/1"}],"replies":[{"embeddable":true,"href":"https:\/\/www.trc-ag.com\/fr\/wp-json\/wp\/v2\/comments?post=98"}],"version-history":[{"count":4,"href":"https:\/\/www.trc-ag.com\/fr\/wp-json\/wp\/v2\/pages\/98\/revisions"}],"predecessor-version":[{"id":129,"href":"https:\/\/www.trc-ag.com\/fr\/wp-json\/wp\/v2\/pages\/98\/revisions\/129"}],"up":[{"embeddable":true,"href":"https:\/\/www.trc-ag.com\/fr\/wp-json\/wp\/v2\/pages\/94"}],"wp:attachment":[{"href":"https:\/\/www.trc-ag.com\/fr\/wp-json\/wp\/v2\/media?parent=98"}],"curies":[{"name":"wp","href":"https:\/\/api.w.org\/{rel}","templated":true}]}}