{"id":94,"date":"2018-03-02T12:41:42","date_gmt":"2018-03-02T17:41:42","guid":{"rendered":"https:\/\/www.trc-ag.com\/products\/"},"modified":"2019-02-21T18:05:21","modified_gmt":"2019-02-21T23:05:21","slug":"products","status":"publish","type":"page","link":"https:\/\/www.trc-ag.com\/fr\/products\/","title":{"rendered":"Produits"},"content":{"rendered":"<div class=\"wpb-content-wrapper\"><p>[vc_row][vc_column][vc_column_text]<\/p>\n<h2><strong>Nos Produits<\/strong><\/h2>\n<p>[\/vc_column_text][vc_separator type=&#8221;horizontal-break&#8221;][\/vc_column][\/vc_row][vc_row][vc_column css_animation=&#8221;bounceInLeft&#8221; width=&#8221;1\/2&#8243; css=&#8221;.vc_custom_1520016875985{background-image: url(http:\/\/www.trc-ag.com\/wp-content\/uploads\/2018\/03\/animal-nutrients.jpg?id=42) !important;background-position: center !important;background-repeat: no-repeat !important;background-size: cover !important;}&#8221;]<div id=\"ultimate-heading-172069fb4592e787d\" class=\"uvc-heading ult-adjust-bottom-margin ultimate-heading-172069fb4592e787d uvc-5334 \" data-hspacer=\"no_spacer\"  data-halign=\"center\" style=\"text-align:center\"><div class=\"uvc-heading-spacer no_spacer\" style=\"top\"><\/div><div class=\"uvc-main-heading ult-responsive\"  data-ultimate-target='.uvc-heading.ultimate-heading-172069fb4592e787d h2'  data-responsive-json-new='{\"font-size\":\"\",\"line-height\":\"\"}' ><h2 style=\"font-weight:bold;color:#ffffff;margin-bottom:20px;\">Nutriments pour Animaux<\/h2><\/div><\/div>[vc_column_text]<\/p>\n<p style=\"text-align: center;\"><span style=\"color: #ffffff;\">TRC Agriculture offre une gamme compl\u00e8te de produits nutritifs pour animaux. N\u2019h\u00e9sitez pas \u00e0 consulter la liste compl\u00e8te de nos produits.<\/span><\/p>\n<p>[\/vc_column_text][vc_btn title=&#8221;Nutriments pour Animaux&#8221; style=&#8221;custom&#8221; custom_background=&#8221;#e7d200&#8243; custom_text=&#8221;#ffffff&#8221; align=&#8221;center&#8221; link=&#8221;url:http%3A%2F%2Fwww.trc-ag.com%2Fproduits%2Fnutriments-pour-animaux%2F|&#8221; css=&#8221;.vc_custom_1520017057771{padding-bottom: 25px !important;}&#8221;][\/vc_column][vc_column css_animation=&#8221;bounceInRight&#8221; width=&#8221;1\/2&#8243; css=&#8221;.vc_custom_1504803835331{background-color: #007725 !important;background-position: center !important;background-repeat: no-repeat !important;background-size: cover !important;}&#8221;]<div id=\"ultimate-heading-695269fb4592e7952\" class=\"uvc-heading ult-adjust-bottom-margin ultimate-heading-695269fb4592e7952 uvc-8992 \" data-hspacer=\"no_spacer\"  data-halign=\"center\" style=\"text-align:center\"><div class=\"uvc-heading-spacer no_spacer\" style=\"top\"><\/div><div class=\"uvc-main-heading ult-responsive\"  data-ultimate-target='.uvc-heading.ultimate-heading-695269fb4592e7952 h2'  data-responsive-json-new='{\"font-size\":\"\",\"line-height\":\"\"}' ><h2 style=\"font-weight:bold;color:#ffffff;margin-bottom:20px;\">Produits Agricoles<\/h2><\/div><\/div>[vc_column_text]<\/p>\n<p style=\"text-align: center;\"><span style=\"color: #ffffff;\">TRC Agriculture offre de nombreux produits agricoles pour am\u00e9liorer le rendement des cultures. \u00a0N\u2019h\u00e9sitez pas \u00e0 consulter la liste compl\u00e8te de nos produits.<\/span><\/p>\n<p>[\/vc_column_text][vc_btn title=&#8221;Produits Agricoles&#8221; style=&#8221;outline&#8221; color=&#8221;white&#8221; align=&#8221;center&#8221; link=&#8221;url:http%3A%2F%2Fwww.trc-ag.com%2Fproducts%2Fproduits-agricoles%2F|&#8221; css=&#8221;.vc_custom_1520017037727{padding-bottom: 25px !important;}&#8221;][\/vc_column][\/vc_row]<\/p>\n<\/div>","protected":false},"excerpt":{"rendered":"<p>[vc_row][vc_column][vc_column_text] Nos Produits [\/vc_column_text][vc_separator type=&#8221;horizontal-break&#8221;][\/vc_column][\/vc_row][vc_row][vc_column css_animation=&#8221;bounceInLeft&#8221; width=&#8221;1\/2&#8243; css=&#8221;.vc_custom_1520016875985{background-image: url(http:\/\/www.trc-ag.com\/wp-content\/uploads\/2018\/03\/animal-nutrients.jpg?id=42) !important;background-position: center !important;background-repeat: no-repeat !important;background-size: cover !important;}&#8221;][vc_column_text] TRC Agriculture offre une gamme compl\u00e8te de produits nutritifs&#8230;<\/p>\n","protected":false},"author":1,"featured_media":0,"parent":0,"menu_order":0,"comment_status":"closed","ping_status":"closed","template":"","meta":{"_acf_changed":false,"footnotes":""},"class_list":["post-94","page","type-page","status-publish","hentry"],"acf":[],"yoast_head":"<!-- This site is optimized with the Yoast SEO plugin v27.3 - https:\/\/yoast.com\/product\/yoast-seo-wordpress\/ -->\n<title>Produits - TRC Agriculture<\/title>\n<meta name=\"robots\" content=\"index, follow, max-snippet:-1, max-image-preview:large, max-video-preview:-1\" \/>\n<link rel=\"canonical\" href=\"https:\/\/www.trc-ag.com\/fr\/products\/\" \/>\n<meta property=\"og:locale\" content=\"fr_FR\" \/>\n<meta property=\"og:type\" content=\"article\" \/>\n<meta property=\"og:title\" content=\"Produits - TRC Agriculture\" \/>\n<meta property=\"og:description\" content=\"[vc_row][vc_column][vc_column_text] Nos Produits [\/vc_column_text][vc_separator type=&#8221;horizontal-break&#8221;][\/vc_column][\/vc_row][vc_row][vc_column css_animation=&#8221;bounceInLeft&#8221; width=&#8221;1\/2&#8243; css=&#8221;.vc_custom_1520016875985{background-image: url(http:\/\/www.trc-ag.com\/wp-content\/uploads\/2018\/03\/animal-nutrients.jpg?id=42) !important;background-position: center !important;background-repeat: no-repeat !important;background-size: cover !important;}&#8221;][vc_column_text] TRC Agriculture offre une gamme compl\u00e8te de produits nutritifs...\" \/>\n<meta property=\"og:url\" content=\"https:\/\/www.trc-ag.com\/fr\/products\/\" \/>\n<meta property=\"og:site_name\" content=\"TRC Agriculture\" \/>\n<meta property=\"article:modified_time\" content=\"2019-02-21T23:05:21+00:00\" \/>\n<meta name=\"twitter:card\" content=\"summary_large_image\" \/>\n<meta name=\"twitter:label1\" content=\"Dur\u00e9e de lecture estim\u00e9e\" \/>\n\t<meta name=\"twitter:data1\" content=\"1 minute\" \/>\n<script type=\"application\/ld+json\" class=\"yoast-schema-graph\">{\"@context\":\"https:\\\/\\\/schema.org\",\"@graph\":[{\"@type\":\"WebPage\",\"@id\":\"https:\\\/\\\/www.trc-ag.com\\\/fr\\\/products\\\/\",\"url\":\"https:\\\/\\\/www.trc-ag.com\\\/fr\\\/products\\\/\",\"name\":\"Produits - TRC Agriculture\",\"isPartOf\":{\"@id\":\"https:\\\/\\\/www.trc-ag.com\\\/#website\"},\"datePublished\":\"2018-03-02T17:41:42+00:00\",\"dateModified\":\"2019-02-21T23:05:21+00:00\",\"breadcrumb\":{\"@id\":\"https:\\\/\\\/www.trc-ag.com\\\/fr\\\/products\\\/#breadcrumb\"},\"inLanguage\":\"fr-FR\",\"potentialAction\":[{\"@type\":\"ReadAction\",\"target\":[\"https:\\\/\\\/www.trc-ag.com\\\/fr\\\/products\\\/\"]}]},{\"@type\":\"BreadcrumbList\",\"@id\":\"https:\\\/\\\/www.trc-ag.com\\\/fr\\\/products\\\/#breadcrumb\",\"itemListElement\":[{\"@type\":\"ListItem\",\"position\":1,\"name\":\"Home\",\"item\":\"https:\\\/\\\/www.trc-ag.com\\\/fr\\\/\"},{\"@type\":\"ListItem\",\"position\":2,\"name\":\"Produits\"}]},{\"@type\":\"WebSite\",\"@id\":\"https:\\\/\\\/www.trc-ag.com\\\/#website\",\"url\":\"https:\\\/\\\/www.trc-ag.com\\\/\",\"name\":\"TRC Agriculture\",\"description\":\"TRC Agricultural Products\",\"potentialAction\":[{\"@type\":\"SearchAction\",\"target\":{\"@type\":\"EntryPoint\",\"urlTemplate\":\"https:\\\/\\\/www.trc-ag.com\\\/?s={search_term_string}\"},\"query-input\":{\"@type\":\"PropertyValueSpecification\",\"valueRequired\":true,\"valueName\":\"search_term_string\"}}],\"inLanguage\":\"fr-FR\"}]}<\/script>\n<!-- \/ Yoast SEO plugin. -->","yoast_head_json":{"title":"Produits - TRC Agriculture","robots":{"index":"index","follow":"follow","max-snippet":"max-snippet:-1","max-image-preview":"max-image-preview:large","max-video-preview":"max-video-preview:-1"},"canonical":"https:\/\/www.trc-ag.com\/fr\/products\/","og_locale":"fr_FR","og_type":"article","og_title":"Produits - TRC Agriculture","og_description":"[vc_row][vc_column][vc_column_text] Nos Produits [\/vc_column_text][vc_separator type=&#8221;horizontal-break&#8221;][\/vc_column][\/vc_row][vc_row][vc_column css_animation=&#8221;bounceInLeft&#8221; width=&#8221;1\/2&#8243; css=&#8221;.vc_custom_1520016875985{background-image: url(http:\/\/www.trc-ag.com\/wp-content\/uploads\/2018\/03\/animal-nutrients.jpg?id=42) !important;background-position: center !important;background-repeat: no-repeat !important;background-size: cover !important;}&#8221;][vc_column_text] TRC Agriculture offre une gamme compl\u00e8te de produits nutritifs...","og_url":"https:\/\/www.trc-ag.com\/fr\/products\/","og_site_name":"TRC Agriculture","article_modified_time":"2019-02-21T23:05:21+00:00","twitter_card":"summary_large_image","twitter_misc":{"Dur\u00e9e de lecture estim\u00e9e":"1 minute"},"schema":{"@context":"https:\/\/schema.org","@graph":[{"@type":"WebPage","@id":"https:\/\/www.trc-ag.com\/fr\/products\/","url":"https:\/\/www.trc-ag.com\/fr\/products\/","name":"Produits - TRC Agriculture","isPartOf":{"@id":"https:\/\/www.trc-ag.com\/#website"},"datePublished":"2018-03-02T17:41:42+00:00","dateModified":"2019-02-21T23:05:21+00:00","breadcrumb":{"@id":"https:\/\/www.trc-ag.com\/fr\/products\/#breadcrumb"},"inLanguage":"fr-FR","potentialAction":[{"@type":"ReadAction","target":["https:\/\/www.trc-ag.com\/fr\/products\/"]}]},{"@type":"BreadcrumbList","@id":"https:\/\/www.trc-ag.com\/fr\/products\/#breadcrumb","itemListElement":[{"@type":"ListItem","position":1,"name":"Home","item":"https:\/\/www.trc-ag.com\/fr\/"},{"@type":"ListItem","position":2,"name":"Produits"}]},{"@type":"WebSite","@id":"https:\/\/www.trc-ag.com\/#website","url":"https:\/\/www.trc-ag.com\/","name":"TRC Agriculture","description":"TRC Agricultural Products","potentialAction":[{"@type":"SearchAction","target":{"@type":"EntryPoint","urlTemplate":"https:\/\/www.trc-ag.com\/?s={search_term_string}"},"query-input":{"@type":"PropertyValueSpecification","valueRequired":true,"valueName":"search_term_string"}}],"inLanguage":"fr-FR"}]}},"_links":{"self":[{"href":"https:\/\/www.trc-ag.com\/fr\/wp-json\/wp\/v2\/pages\/94","targetHints":{"allow":["GET"]}}],"collection":[{"href":"https:\/\/www.trc-ag.com\/fr\/wp-json\/wp\/v2\/pages"}],"about":[{"href":"https:\/\/www.trc-ag.com\/fr\/wp-json\/wp\/v2\/types\/page"}],"author":[{"embeddable":true,"href":"https:\/\/www.trc-ag.com\/fr\/wp-json\/wp\/v2\/users\/1"}],"replies":[{"embeddable":true,"href":"https:\/\/www.trc-ag.com\/fr\/wp-json\/wp\/v2\/comments?post=94"}],"version-history":[{"count":3,"href":"https:\/\/www.trc-ag.com\/fr\/wp-json\/wp\/v2\/pages\/94\/revisions"}],"predecessor-version":[{"id":97,"href":"https:\/\/www.trc-ag.com\/fr\/wp-json\/wp\/v2\/pages\/94\/revisions\/97"}],"wp:attachment":[{"href":"https:\/\/www.trc-ag.com\/fr\/wp-json\/wp\/v2\/media?parent=94"}],"curies":[{"name":"wp","href":"https:\/\/api.w.org\/{rel}","templated":true}]}}