{"id":87,"date":"2017-02-21T09:48:00","date_gmt":"2017-02-21T09:48:00","guid":{"rendered":"https:\/\/www.trc-ag.com\/about\/"},"modified":"2019-02-22T11:52:29","modified_gmt":"2019-02-22T16:52:29","slug":"about","status":"publish","type":"page","link":"https:\/\/www.trc-ag.com\/fr\/","title":{"rendered":"Accueil"},"content":{"rendered":"<div class=\"wpb-content-wrapper\"><p>[vc_row css=&#8221;.vc_custom_1502984475705{border-radius: 2px !important;}&#8221;][vc_column css=&#8221;.vc_custom_1502987155337{margin-top: 35px !important;border-radius: 3px !important;}&#8221;]<div id=\"ultimate-heading-464569fb31aa17cdc\" class=\"uvc-heading ult-adjust-bottom-margin ultimate-heading-464569fb31aa17cdc uvc-5929 \" data-hspacer=\"no_spacer\"  data-halign=\"center\" style=\"text-align:center\"><div class=\"uvc-heading-spacer no_spacer\" style=\"top\"><\/div><div class=\"uvc-main-heading ult-responsive\"  data-ultimate-target='.uvc-heading.ultimate-heading-464569fb31aa17cdc h2'  data-responsive-json-new='{\"font-size\":\"\",\"line-height\":\"desktop:30px;\"}' ><h2 style=\"font-weight:normal;margin-bottom:25px;\">\u00c0 Propos de produits agricoles TRC <\/h2><\/div><\/div>[vc_column_text]<\/p>\n<p style=\"text-align: center;\">Produits agricoles TRC est un fournisseur fiable de produits agricoles et de nutriments pour animaux. TRC vous aide \u00e0 obtenir les formules les plus susceptibles d\u2019accro\u00eetre votre rendement tout en vous offrant un service client fantastique et des prix concurrentiels.<\/p>\n<p style=\"text-align: center;\">Profitez de notre expertise technique et de nos capacit\u00e9s d\u2019approvisionnement mondial pour obtenir les bons produits au bon moment.<\/p>\n<p>[\/vc_column_text][vc_separator][\/vc_column][\/vc_row][vc_row][vc_column css_animation=&#8221;bounceInLeft&#8221; width=&#8221;1\/2&#8243; css=&#8221;.vc_custom_1520016875985{background-image: url(http:\/\/www.trc-ag.com\/wp-content\/uploads\/2018\/03\/animal-nutrients.jpg?id=42) !important;background-position: center !important;background-repeat: no-repeat !important;background-size: cover !important;}&#8221;]<div id=\"ultimate-heading-655869fb31aa17da1\" class=\"uvc-heading ult-adjust-bottom-margin ultimate-heading-655869fb31aa17da1 uvc-2669 \" data-hspacer=\"no_spacer\"  data-halign=\"center\" style=\"text-align:center\"><div class=\"uvc-heading-spacer no_spacer\" style=\"top\"><\/div><div class=\"uvc-main-heading ult-responsive\"  data-ultimate-target='.uvc-heading.ultimate-heading-655869fb31aa17da1 h2'  data-responsive-json-new='{\"font-size\":\"\",\"line-height\":\"\"}' ><h2 style=\"font-weight:bold;color:#ffffff;margin-bottom:20px;\">Nutriments pour Animaux<\/h2><\/div><\/div>[vc_column_text]<\/p>\n<h4 style=\"text-align: center;\"><span style=\"color: #ffffff;\"><strong>Nos Produits<\/strong><\/span><\/h4>\n<p style=\"text-align: center;\"><span style=\"color: #ffffff;\">TRC Agriculture offre une gamme compl\u00e8te de produits nutritifs pour animaux. N\u2019h\u00e9sitez pas \u00e0 consulter la liste compl\u00e8te de nos produits.<\/span><\/p>\n<p>[\/vc_column_text][vc_btn title=&#8221;Nutriments pour Animaux&#8221; style=&#8221;custom&#8221; custom_background=&#8221;#e7d200&#8243; custom_text=&#8221;#ffffff&#8221; align=&#8221;center&#8221; link=&#8221;url:https%3A%2F%2Fwww.trc-ag.com%2Ffr%2Fproducts%2Fanimal-nutrients%2F|&#8221; css=&#8221;.vc_custom_1520017057771{padding-bottom: 25px !important;}&#8221;][\/vc_column][vc_column css_animation=&#8221;bounceInRight&#8221; width=&#8221;1\/2&#8243; css=&#8221;.vc_custom_1504803835331{background-color: #007725 !important;background-position: center !important;background-repeat: no-repeat !important;background-size: cover !important;}&#8221;]<div id=\"ultimate-heading-419169fb31aa17e08\" class=\"uvc-heading ult-adjust-bottom-margin ultimate-heading-419169fb31aa17e08 uvc-9152 \" data-hspacer=\"no_spacer\"  data-halign=\"center\" style=\"text-align:center\"><div class=\"uvc-heading-spacer no_spacer\" style=\"top\"><\/div><div class=\"uvc-main-heading ult-responsive\"  data-ultimate-target='.uvc-heading.ultimate-heading-419169fb31aa17e08 h2'  data-responsive-json-new='{\"font-size\":\"\",\"line-height\":\"\"}' ><h2 style=\"font-weight:bold;color:#ffffff;margin-bottom:20px;\">Produits Agricoles<\/h2><\/div><\/div>[vc_column_text]<\/p>\n<h4 style=\"text-align: center;\"><span style=\"color: #ffffff;\"><strong>Industries Desservies<\/strong><\/span><\/h4>\n<p style=\"text-align: center;\"><span style=\"color: #ffffff;\">TRC Agriculture offre de nombreux produits agricoles pour am\u00e9liorer le rendement des cultures. \u00a0N\u2019h\u00e9sitez pas \u00e0 consulter la liste compl\u00e8te de nos produits.<\/span><\/p>\n<p>[\/vc_column_text][vc_btn title=&#8221;Produits Agricoles&#8221; style=&#8221;outline&#8221; color=&#8221;white&#8221; align=&#8221;center&#8221; link=&#8221;url:https%3A%2F%2Fwww.trc-ag.com%2Ffr%2Fproducts%2Fagricultural-products%2F|&#8221; css=&#8221;.vc_custom_1520017037727{padding-bottom: 25px !important;}&#8221;][\/vc_column][\/vc_row]<\/p>\n<\/div>","protected":false},"excerpt":{"rendered":"<p>[vc_row css=&#8221;.vc_custom_1502984475705{border-radius: 2px !important;}&#8221;][vc_column css=&#8221;.vc_custom_1502987155337{margin-top: 35px !important;border-radius: 3px !important;}&#8221;][vc_column_text] Produits agricoles TRC est un fournisseur fiable de produits agricoles et de nutriments pour animaux. TRC&#8230;<\/p>\n","protected":false},"author":1,"featured_media":0,"parent":0,"menu_order":0,"comment_status":"open","ping_status":"open","template":"","meta":{"_acf_changed":false,"footnotes":""},"class_list":["post-87","page","type-page","status-publish","hentry"],"acf":[],"yoast_head":"<!-- This site is optimized with the Yoast SEO plugin v27.3 - https:\/\/yoast.com\/product\/yoast-seo-wordpress\/ -->\n<title>Accueil - TRC Agriculture<\/title>\n<meta name=\"robots\" content=\"index, follow, max-snippet:-1, max-image-preview:large, max-video-preview:-1\" \/>\n<link rel=\"canonical\" href=\"https:\/\/www.trc-ag.com\/fr\/\" \/>\n<meta property=\"og:locale\" content=\"fr_FR\" \/>\n<meta property=\"og:type\" content=\"article\" \/>\n<meta property=\"og:title\" content=\"Accueil - TRC Agriculture\" \/>\n<meta property=\"og:description\" content=\"[vc_row css=&#8221;.vc_custom_1502984475705{border-radius: 2px !important;}&#8221;][vc_column css=&#8221;.vc_custom_1502987155337{margin-top: 35px !important;border-radius: 3px !important;}&#8221;][vc_column_text] Produits agricoles TRC est un fournisseur fiable de produits agricoles et de nutriments pour animaux. TRC...\" \/>\n<meta property=\"og:url\" content=\"https:\/\/www.trc-ag.com\/fr\/\" \/>\n<meta property=\"og:site_name\" content=\"TRC Agriculture\" \/>\n<meta property=\"article:modified_time\" content=\"2019-02-22T16:52:29+00:00\" \/>\n<meta name=\"twitter:card\" content=\"summary_large_image\" \/>\n<meta name=\"twitter:label1\" content=\"Dur\u00e9e de lecture estim\u00e9e\" \/>\n\t<meta name=\"twitter:data1\" content=\"2 minutes\" \/>\n<script type=\"application\/ld+json\" class=\"yoast-schema-graph\">{\"@context\":\"https:\\\/\\\/schema.org\",\"@graph\":[{\"@type\":\"WebPage\",\"@id\":\"https:\\\/\\\/www.trc-ag.com\\\/fr\\\/\",\"url\":\"https:\\\/\\\/www.trc-ag.com\\\/fr\\\/\",\"name\":\"Accueil - TRC Agriculture\",\"isPartOf\":{\"@id\":\"https:\\\/\\\/www.trc-ag.com\\\/#website\"},\"datePublished\":\"2017-02-21T09:48:00+00:00\",\"dateModified\":\"2019-02-22T16:52:29+00:00\",\"breadcrumb\":{\"@id\":\"https:\\\/\\\/www.trc-ag.com\\\/fr\\\/#breadcrumb\"},\"inLanguage\":\"fr-FR\",\"potentialAction\":[{\"@type\":\"ReadAction\",\"target\":[\"https:\\\/\\\/www.trc-ag.com\\\/fr\\\/\"]}]},{\"@type\":\"BreadcrumbList\",\"@id\":\"https:\\\/\\\/www.trc-ag.com\\\/fr\\\/#breadcrumb\",\"itemListElement\":[{\"@type\":\"ListItem\",\"position\":1,\"name\":\"Home\",\"item\":\"https:\\\/\\\/www.trc-ag.com\\\/fr\\\/\"},{\"@type\":\"ListItem\",\"position\":2,\"name\":\"Accueil\"}]},{\"@type\":\"WebSite\",\"@id\":\"https:\\\/\\\/www.trc-ag.com\\\/#website\",\"url\":\"https:\\\/\\\/www.trc-ag.com\\\/\",\"name\":\"TRC Agriculture\",\"description\":\"TRC Agricultural Products\",\"potentialAction\":[{\"@type\":\"SearchAction\",\"target\":{\"@type\":\"EntryPoint\",\"urlTemplate\":\"https:\\\/\\\/www.trc-ag.com\\\/?s={search_term_string}\"},\"query-input\":{\"@type\":\"PropertyValueSpecification\",\"valueRequired\":true,\"valueName\":\"search_term_string\"}}],\"inLanguage\":\"fr-FR\"}]}<\/script>\n<!-- \/ Yoast SEO plugin. -->","yoast_head_json":{"title":"Accueil - TRC Agriculture","robots":{"index":"index","follow":"follow","max-snippet":"max-snippet:-1","max-image-preview":"max-image-preview:large","max-video-preview":"max-video-preview:-1"},"canonical":"https:\/\/www.trc-ag.com\/fr\/","og_locale":"fr_FR","og_type":"article","og_title":"Accueil - TRC Agriculture","og_description":"[vc_row css=&#8221;.vc_custom_1502984475705{border-radius: 2px !important;}&#8221;][vc_column css=&#8221;.vc_custom_1502987155337{margin-top: 35px !important;border-radius: 3px !important;}&#8221;][vc_column_text] Produits agricoles TRC est un fournisseur fiable de produits agricoles et de nutriments pour animaux. TRC...","og_url":"https:\/\/www.trc-ag.com\/fr\/","og_site_name":"TRC Agriculture","article_modified_time":"2019-02-22T16:52:29+00:00","twitter_card":"summary_large_image","twitter_misc":{"Dur\u00e9e de lecture estim\u00e9e":"2 minutes"},"schema":{"@context":"https:\/\/schema.org","@graph":[{"@type":"WebPage","@id":"https:\/\/www.trc-ag.com\/fr\/","url":"https:\/\/www.trc-ag.com\/fr\/","name":"Accueil - TRC Agriculture","isPartOf":{"@id":"https:\/\/www.trc-ag.com\/#website"},"datePublished":"2017-02-21T09:48:00+00:00","dateModified":"2019-02-22T16:52:29+00:00","breadcrumb":{"@id":"https:\/\/www.trc-ag.com\/fr\/#breadcrumb"},"inLanguage":"fr-FR","potentialAction":[{"@type":"ReadAction","target":["https:\/\/www.trc-ag.com\/fr\/"]}]},{"@type":"BreadcrumbList","@id":"https:\/\/www.trc-ag.com\/fr\/#breadcrumb","itemListElement":[{"@type":"ListItem","position":1,"name":"Home","item":"https:\/\/www.trc-ag.com\/fr\/"},{"@type":"ListItem","position":2,"name":"Accueil"}]},{"@type":"WebSite","@id":"https:\/\/www.trc-ag.com\/#website","url":"https:\/\/www.trc-ag.com\/","name":"TRC Agriculture","description":"TRC Agricultural Products","potentialAction":[{"@type":"SearchAction","target":{"@type":"EntryPoint","urlTemplate":"https:\/\/www.trc-ag.com\/?s={search_term_string}"},"query-input":{"@type":"PropertyValueSpecification","valueRequired":true,"valueName":"search_term_string"}}],"inLanguage":"fr-FR"}]}},"_links":{"self":[{"href":"https:\/\/www.trc-ag.com\/fr\/wp-json\/wp\/v2\/pages\/87","targetHints":{"allow":["GET"]}}],"collection":[{"href":"https:\/\/www.trc-ag.com\/fr\/wp-json\/wp\/v2\/pages"}],"about":[{"href":"https:\/\/www.trc-ag.com\/fr\/wp-json\/wp\/v2\/types\/page"}],"author":[{"embeddable":true,"href":"https:\/\/www.trc-ag.com\/fr\/wp-json\/wp\/v2\/users\/1"}],"replies":[{"embeddable":true,"href":"https:\/\/www.trc-ag.com\/fr\/wp-json\/wp\/v2\/comments?post=87"}],"version-history":[{"count":5,"href":"https:\/\/www.trc-ag.com\/fr\/wp-json\/wp\/v2\/pages\/87\/revisions"}],"predecessor-version":[{"id":122,"href":"https:\/\/www.trc-ag.com\/fr\/wp-json\/wp\/v2\/pages\/87\/revisions\/122"}],"wp:attachment":[{"href":"https:\/\/www.trc-ag.com\/fr\/wp-json\/wp\/v2\/media?parent=87"}],"curies":[{"name":"wp","href":"https:\/\/api.w.org\/{rel}","templated":true}]}}