{"id":105,"date":"2018-03-02T12:42:21","date_gmt":"2018-03-02T17:42:21","guid":{"rendered":"https:\/\/www.trc-ag.com\/products\/agricultural-products\/"},"modified":"2019-02-22T12:29:04","modified_gmt":"2019-02-22T17:29:04","slug":"agricultural-products","status":"publish","type":"page","link":"https:\/\/www.trc-ag.com\/fr\/products\/agricultural-products\/","title":{"rendered":"Produits Agricoles"},"content":{"rendered":"<div class=\"wpb-content-wrapper\"><p>[vc_row][vc_column][vc_column_text]<\/p>\n<h2>Produits Agricoles<\/h2>\n<p>Gr\u00e2ce \u00e0 notre connaissance approfondie des march\u00e9s de l\u2019agriculture et de l\u2019alimentation pour animaux, nous sommes \u00e0 m\u00eame de r\u00e9pondre \u00e0 vos besoins. Nous nous approvisionnons dans le \u00a0monde entier pour veiller \u00e0 ce que vous ayez chez vous le bon produit, au bon moment et au bon prix. De plus, comme nous avons des entrep\u00f4ts dans toute l\u2019Am\u00e9rique du Nord, nous pouvons assurer un approvisionnement dans les meilleurs d\u00e9lais.<\/p>\n<p>Que vous exploitiez une serre ou travailliez dans les champs, nous avons l\u2019expertise technique qu\u2019il vous faut!<\/p>\n<p>Communiquez avec TRC d\u00e8s aujourd\u2019hui pour discuter de vos besoins en produits agricoles.<\/p>\n<p>\n<table id=\"tablepress-4\" class=\"tablepress tablepress-id-4\">\n<thead>\n<tr class=\"row-1\">\n\t<th class=\"column-1\">Produit<\/th>\n<\/tr>\n<\/thead>\n<tbody class=\"row-striping row-hover\">\n<tr class=\"row-2\">\n\t<td class=\"column-1\">Acide ac\u00e9tique 92 %<\/td>\n<\/tr>\n<tr class=\"row-3\">\n\t<td class=\"column-1\">Acide ac\u00e9tique, Glacial<\/td>\n<\/tr>\n<tr class=\"row-4\">\n\t<td class=\"column-1\">Bore 10 mol<\/td>\n<\/tr>\n<tr class=\"row-5\">\n\t<td class=\"column-1\">Bore 5 mol<\/td>\n<\/tr>\n<tr class=\"row-6\">\n\t<td class=\"column-1\">Acid borique <\/td>\n<\/tr>\n<tr class=\"row-7\">\n\t<td class=\"column-1\">Granulaire de Bore 10 <\/td>\n<\/tr>\n<tr class=\"row-8\">\n\t<td class=\"column-1\">Granulaire de Bore 15<\/td>\n<\/tr>\n<tr class=\"row-9\">\n\t<td class=\"column-1\">Chlorure de calcium <\/td>\n<\/tr>\n<tr class=\"row-10\">\n\t<td class=\"column-1\">Acide citrique<\/td>\n<\/tr>\n<tr class=\"row-11\">\n\t<td class=\"column-1\">Sulfate de cuivre <\/td>\n<\/tr>\n<tr class=\"row-12\">\n\t<td class=\"column-1\">Produit<\/td>\n<\/tr>\n<tr class=\"row-13\">\n\t<td class=\"column-1\">Peroxyde d\u2019hydrog\u00e8ne 15<\/td>\n<\/tr>\n<tr class=\"row-14\">\n\t<td class=\"column-1\">Peroxyde d\u2019hydrog\u00e8ne 35<\/td>\n<\/tr>\n<tr class=\"row-15\">\n\t<td class=\"column-1\">Sulfate de magn\u00e9sium anhydre<\/td>\n<\/tr>\n<tr class=\"row-16\">\n\t<td class=\"column-1\">Sulfate de magn\u00e9sium heptahydrat\u00e9<\/td>\n<\/tr>\n<tr class=\"row-17\">\n\t<td class=\"column-1\">Sulfate de mangan\u00e8se <\/td>\n<\/tr>\n<tr class=\"row-18\">\n\t<td class=\"column-1\">MEA 99<\/td>\n<\/tr>\n<tr class=\"row-19\">\n\t<td class=\"column-1\">Acide palmitique de palme (C:16) min. 85 %<\/td>\n<\/tr>\n<tr class=\"row-20\">\n\t<td class=\"column-1\">Solution d\u2019acide phosphorique 75<\/td>\n<\/tr>\n<tr class=\"row-21\">\n\t<td class=\"column-1\">Solution d\u2019acide phosphorique 80<\/td>\n<\/tr>\n<tr class=\"row-22\">\n\t<td class=\"column-1\">Solution d\u2019acide phosphorique 85<\/td>\n<\/tr>\n<tr class=\"row-23\">\n\t<td class=\"column-1\">Produit<\/td>\n<\/tr>\n<tr class=\"row-24\">\n\t<td class=\"column-1\">Acide propionique 85<\/td>\n<\/tr>\n<tr class=\"row-25\">\n\t<td class=\"column-1\">Sel Resingard<\/td>\n<\/tr>\n<tr class=\"row-26\">\n\t<td class=\"column-1\">Ur\u00e9e granulaire<\/td>\n<\/tr>\n<tr class=\"row-27\">\n\t<td class=\"column-1\">Grains d\u2019ur\u00e9e<\/td>\n<\/tr>\n<tr class=\"row-28\">\n\t<td class=\"column-1\">Sulfate de zinc <\/td>\n<\/tr>\n<\/tbody>\n<\/table>\n[\/vc_column_text][\/vc_column][\/vc_row]<\/p>\n<\/div>","protected":false},"excerpt":{"rendered":"<p>[vc_row][vc_column][vc_column_text] Produits Agricoles Gr\u00e2ce \u00e0 notre connaissance approfondie des march\u00e9s de l\u2019agriculture et de l\u2019alimentation pour animaux, nous sommes \u00e0 m\u00eame de r\u00e9pondre \u00e0 vos&#8230;<\/p>\n","protected":false},"author":1,"featured_media":0,"parent":94,"menu_order":0,"comment_status":"closed","ping_status":"closed","template":"","meta":{"_acf_changed":false,"footnotes":""},"class_list":["post-105","page","type-page","status-publish","hentry"],"acf":[],"yoast_head":"<!-- This site is optimized with the Yoast SEO plugin v27.3 - https:\/\/yoast.com\/product\/yoast-seo-wordpress\/ -->\n<title>Produits Agricoles - TRC Agriculture<\/title>\n<meta name=\"robots\" content=\"index, follow, max-snippet:-1, max-image-preview:large, max-video-preview:-1\" \/>\n<link rel=\"canonical\" href=\"https:\/\/www.trc-ag.com\/fr\/products\/agricultural-products\/\" \/>\n<meta property=\"og:locale\" content=\"fr_FR\" \/>\n<meta property=\"og:type\" content=\"article\" \/>\n<meta property=\"og:title\" content=\"Produits Agricoles - TRC Agriculture\" \/>\n<meta property=\"og:description\" content=\"[vc_row][vc_column][vc_column_text] Produits Agricoles Gr\u00e2ce \u00e0 notre connaissance approfondie des march\u00e9s de l\u2019agriculture et de l\u2019alimentation pour animaux, nous sommes \u00e0 m\u00eame de r\u00e9pondre \u00e0 vos...\" \/>\n<meta property=\"og:url\" content=\"https:\/\/www.trc-ag.com\/fr\/products\/agricultural-products\/\" \/>\n<meta property=\"og:site_name\" content=\"TRC Agriculture\" \/>\n<meta property=\"article:modified_time\" content=\"2019-02-22T17:29:04+00:00\" \/>\n<meta name=\"twitter:card\" content=\"summary_large_image\" \/>\n<meta name=\"twitter:label1\" content=\"Dur\u00e9e de lecture estim\u00e9e\" \/>\n\t<meta name=\"twitter:data1\" content=\"1 minute\" \/>\n<script type=\"application\/ld+json\" class=\"yoast-schema-graph\">{\"@context\":\"https:\\\/\\\/schema.org\",\"@graph\":[{\"@type\":\"WebPage\",\"@id\":\"https:\\\/\\\/www.trc-ag.com\\\/fr\\\/products\\\/agricultural-products\\\/\",\"url\":\"https:\\\/\\\/www.trc-ag.com\\\/fr\\\/products\\\/agricultural-products\\\/\",\"name\":\"Produits Agricoles - TRC Agriculture\",\"isPartOf\":{\"@id\":\"https:\\\/\\\/www.trc-ag.com\\\/#website\"},\"datePublished\":\"2018-03-02T17:42:21+00:00\",\"dateModified\":\"2019-02-22T17:29:04+00:00\",\"breadcrumb\":{\"@id\":\"https:\\\/\\\/www.trc-ag.com\\\/fr\\\/products\\\/agricultural-products\\\/#breadcrumb\"},\"inLanguage\":\"fr-FR\",\"potentialAction\":[{\"@type\":\"ReadAction\",\"target\":[\"https:\\\/\\\/www.trc-ag.com\\\/fr\\\/products\\\/agricultural-products\\\/\"]}]},{\"@type\":\"BreadcrumbList\",\"@id\":\"https:\\\/\\\/www.trc-ag.com\\\/fr\\\/products\\\/agricultural-products\\\/#breadcrumb\",\"itemListElement\":[{\"@type\":\"ListItem\",\"position\":1,\"name\":\"Home\",\"item\":\"https:\\\/\\\/www.trc-ag.com\\\/fr\\\/\"},{\"@type\":\"ListItem\",\"position\":2,\"name\":\"Produits\",\"item\":\"https:\\\/\\\/www.trc-ag.com\\\/fr\\\/products\\\/\"},{\"@type\":\"ListItem\",\"position\":3,\"name\":\"Produits Agricoles\"}]},{\"@type\":\"WebSite\",\"@id\":\"https:\\\/\\\/www.trc-ag.com\\\/#website\",\"url\":\"https:\\\/\\\/www.trc-ag.com\\\/\",\"name\":\"TRC Agriculture\",\"description\":\"TRC Agricultural Products\",\"potentialAction\":[{\"@type\":\"SearchAction\",\"target\":{\"@type\":\"EntryPoint\",\"urlTemplate\":\"https:\\\/\\\/www.trc-ag.com\\\/?s={search_term_string}\"},\"query-input\":{\"@type\":\"PropertyValueSpecification\",\"valueRequired\":true,\"valueName\":\"search_term_string\"}}],\"inLanguage\":\"fr-FR\"}]}<\/script>\n<!-- \/ Yoast SEO plugin. -->","yoast_head_json":{"title":"Produits Agricoles - TRC Agriculture","robots":{"index":"index","follow":"follow","max-snippet":"max-snippet:-1","max-image-preview":"max-image-preview:large","max-video-preview":"max-video-preview:-1"},"canonical":"https:\/\/www.trc-ag.com\/fr\/products\/agricultural-products\/","og_locale":"fr_FR","og_type":"article","og_title":"Produits Agricoles - TRC Agriculture","og_description":"[vc_row][vc_column][vc_column_text] Produits Agricoles Gr\u00e2ce \u00e0 notre connaissance approfondie des march\u00e9s de l\u2019agriculture et de l\u2019alimentation pour animaux, nous sommes \u00e0 m\u00eame de r\u00e9pondre \u00e0 vos...","og_url":"https:\/\/www.trc-ag.com\/fr\/products\/agricultural-products\/","og_site_name":"TRC Agriculture","article_modified_time":"2019-02-22T17:29:04+00:00","twitter_card":"summary_large_image","twitter_misc":{"Dur\u00e9e de lecture estim\u00e9e":"1 minute"},"schema":{"@context":"https:\/\/schema.org","@graph":[{"@type":"WebPage","@id":"https:\/\/www.trc-ag.com\/fr\/products\/agricultural-products\/","url":"https:\/\/www.trc-ag.com\/fr\/products\/agricultural-products\/","name":"Produits Agricoles - TRC Agriculture","isPartOf":{"@id":"https:\/\/www.trc-ag.com\/#website"},"datePublished":"2018-03-02T17:42:21+00:00","dateModified":"2019-02-22T17:29:04+00:00","breadcrumb":{"@id":"https:\/\/www.trc-ag.com\/fr\/products\/agricultural-products\/#breadcrumb"},"inLanguage":"fr-FR","potentialAction":[{"@type":"ReadAction","target":["https:\/\/www.trc-ag.com\/fr\/products\/agricultural-products\/"]}]},{"@type":"BreadcrumbList","@id":"https:\/\/www.trc-ag.com\/fr\/products\/agricultural-products\/#breadcrumb","itemListElement":[{"@type":"ListItem","position":1,"name":"Home","item":"https:\/\/www.trc-ag.com\/fr\/"},{"@type":"ListItem","position":2,"name":"Produits","item":"https:\/\/www.trc-ag.com\/fr\/products\/"},{"@type":"ListItem","position":3,"name":"Produits Agricoles"}]},{"@type":"WebSite","@id":"https:\/\/www.trc-ag.com\/#website","url":"https:\/\/www.trc-ag.com\/","name":"TRC Agriculture","description":"TRC Agricultural Products","potentialAction":[{"@type":"SearchAction","target":{"@type":"EntryPoint","urlTemplate":"https:\/\/www.trc-ag.com\/?s={search_term_string}"},"query-input":{"@type":"PropertyValueSpecification","valueRequired":true,"valueName":"search_term_string"}}],"inLanguage":"fr-FR"}]}},"_links":{"self":[{"href":"https:\/\/www.trc-ag.com\/fr\/wp-json\/wp\/v2\/pages\/105","targetHints":{"allow":["GET"]}}],"collection":[{"href":"https:\/\/www.trc-ag.com\/fr\/wp-json\/wp\/v2\/pages"}],"about":[{"href":"https:\/\/www.trc-ag.com\/fr\/wp-json\/wp\/v2\/types\/page"}],"author":[{"embeddable":true,"href":"https:\/\/www.trc-ag.com\/fr\/wp-json\/wp\/v2\/users\/1"}],"replies":[{"embeddable":true,"href":"https:\/\/www.trc-ag.com\/fr\/wp-json\/wp\/v2\/comments?post=105"}],"version-history":[{"count":4,"href":"https:\/\/www.trc-ag.com\/fr\/wp-json\/wp\/v2\/pages\/105\/revisions"}],"predecessor-version":[{"id":133,"href":"https:\/\/www.trc-ag.com\/fr\/wp-json\/wp\/v2\/pages\/105\/revisions\/133"}],"up":[{"embeddable":true,"href":"https:\/\/www.trc-ag.com\/fr\/wp-json\/wp\/v2\/pages\/94"}],"wp:attachment":[{"href":"https:\/\/www.trc-ag.com\/fr\/wp-json\/wp\/v2\/media?parent=105"}],"curies":[{"name":"wp","href":"https:\/\/api.w.org\/{rel}","templated":true}]}}